{"id":41,"date":"2023-06-11T21:00:37","date_gmt":"2023-06-11T19:00:37","guid":{"rendered":"http:\/\/macpcsos.fr\/?page_id=41"},"modified":"2025-12-17T16:08:20","modified_gmt":"2025-12-17T15:08:20","slug":"nos-prestations","status":"publish","type":"page","link":"https:\/\/www.macpcsos.fr\/index.php\/nos-prestations\/","title":{"rendered":"Nos Prestations"},"content":{"rendered":"\t\t<div data-elementor-type=\"wp-page\" data-elementor-id=\"41\" class=\"elementor elementor-41\">\n\t\t\t\t\t\t<section class=\"elementor-section elementor-top-section elementor-element elementor-element-0d42505 elementor-section-boxed elementor-section-height-default elementor-section-height-default\" data-id=\"0d42505\" data-element_type=\"section\">\n\t\t\t\t\t\t<div class=\"elementor-container elementor-column-gap-default\">\n\t\t\t\t\t<div class=\"elementor-column elementor-col-100 elementor-top-column elementor-element elementor-element-e5c0600\" data-id=\"e5c0600\" data-element_type=\"column\">\n\t\t\t<div class=\"elementor-widget-wrap elementor-element-populated\">\n\t\t\t\t\t\t<div class=\"elementor-element elementor-element-a2b80f9 elementor-widget elementor-widget-text-editor\" data-id=\"a2b80f9\" data-element_type=\"widget\" data-widget_type=\"text-editor.default\">\n\t\t\t\t<div class=\"elementor-widget-container\">\n\t\t\t\t\t\t\t\t\t<p><strong>L&rsquo;adh\u00e9sion annuelle de 150 \u20ac, vous donne droit \u00e0\u00a0:<\/strong><\/p>\t\t\t\t\t\t\t\t<\/div>\n\t\t\t\t<\/div>\n\t\t\t\t\t<\/div>\n\t\t<\/div>\n\t\t\t\t\t<\/div>\n\t\t<\/section>\n\t\t\t\t<section class=\"elementor-section elementor-top-section elementor-element elementor-element-813e01d elementor-section-boxed elementor-section-height-default elementor-section-height-default\" data-id=\"813e01d\" data-element_type=\"section\">\n\t\t\t\t\t\t<div class=\"elementor-container elementor-column-gap-default\">\n\t\t\t\t\t<div class=\"elementor-column elementor-col-100 elementor-top-column elementor-element elementor-element-749daf9\" data-id=\"749daf9\" data-element_type=\"column\">\n\t\t\t<div class=\"elementor-widget-wrap\">\n\t\t\t\t\t\t\t<\/div>\n\t\t<\/div>\n\t\t\t\t\t<\/div>\n\t\t<\/section>\n\t\t\t\t<section class=\"elementor-section elementor-top-section elementor-element elementor-element-51a28e1 elementor-section-boxed elementor-section-height-default elementor-section-height-default\" data-id=\"51a28e1\" data-element_type=\"section\">\n\t\t\t\t\t\t<div class=\"elementor-container elementor-column-gap-default\">\n\t\t\t\t\t<div class=\"elementor-column elementor-col-100 elementor-top-column elementor-element elementor-element-51e3013\" data-id=\"51e3013\" data-element_type=\"column\">\n\t\t\t<div class=\"elementor-widget-wrap elementor-element-populated\">\n\t\t\t\t\t\t<div class=\"elementor-element elementor-element-b508f81 elementor-widget elementor-widget-text-editor\" data-id=\"b508f81\" data-element_type=\"widget\" data-widget_type=\"text-editor.default\">\n\t\t\t\t<div class=\"elementor-widget-container\">\n\t\t\t\t\t\t\t\t\t<ul><li>12 Heures de cours \u00e0 domicile,<\/li><li>Une Assistance par Mail \/ T\u00e9l\u00e9phone et Prise \u00e0 distance s\u00e9curis\u00e9e 6 Jours sur 7 (du Lundi au Samedi),<\/li><li>La possibilit\u00e9 de suivre des formations \u00e0 distance,<\/li><li>L&rsquo;acc\u00e8s aux nouveaut\u00e9s mis en place par l&rsquo;Association,<\/li><li>Des tarifs pr\u00e9f\u00e9rentiels lors d&rsquo;un besoin sp\u00e9cifique demandant l&rsquo;intervention d&rsquo;un technicien,<\/li><\/ul>\t\t\t\t\t\t\t\t<\/div>\n\t\t\t\t<\/div>\n\t\t\t\t\t<\/div>\n\t\t<\/div>\n\t\t\t\t\t<\/div>\n\t\t<\/section>\n\t\t\t\t<section class=\"elementor-section elementor-top-section elementor-element elementor-element-4f2cba7 elementor-section-boxed elementor-section-height-default elementor-section-height-default\" data-id=\"4f2cba7\" data-element_type=\"section\">\n\t\t\t\t\t\t<div class=\"elementor-container elementor-column-gap-default\">\n\t\t\t\t\t<div class=\"elementor-column elementor-col-100 elementor-top-column elementor-element elementor-element-cde2fc6\" data-id=\"cde2fc6\" data-element_type=\"column\">\n\t\t\t<div class=\"elementor-widget-wrap\">\n\t\t\t\t\t\t\t<\/div>\n\t\t<\/div>\n\t\t\t\t\t<\/div>\n\t\t<\/section>\n\t\t\t\t<section class=\"elementor-section elementor-top-section elementor-element elementor-element-28a4ec3 elementor-section-boxed elementor-section-height-default elementor-section-height-default\" data-id=\"28a4ec3\" data-element_type=\"section\">\n\t\t\t\t\t\t<div class=\"elementor-container elementor-column-gap-default\">\n\t\t\t\t\t<div class=\"elementor-column elementor-col-100 elementor-top-column elementor-element elementor-element-592fcc2\" data-id=\"592fcc2\" data-element_type=\"column\">\n\t\t\t<div class=\"elementor-widget-wrap elementor-element-populated\">\n\t\t\t\t\t\t<div class=\"elementor-element elementor-element-1b79742 elementor-widget elementor-widget-text-editor\" data-id=\"1b79742\" data-element_type=\"widget\" data-widget_type=\"text-editor.default\">\n\t\t\t\t<div class=\"elementor-widget-container\">\n\t\t\t\t\t\t\t\t\t<p><em>Et \u00e9galement des remises sur les formations propos\u00e9es \u00e0 la carte<\/em><\/p><p><em>\u00a0<\/em><em>et pouvant \u00eatre adapt\u00e9 aux besoins sp\u00e9cifiques de ou des personnes.<\/em><\/p>\t\t\t\t\t\t\t\t<\/div>\n\t\t\t\t<\/div>\n\t\t\t\t\t<\/div>\n\t\t<\/div>\n\t\t\t\t\t<\/div>\n\t\t<\/section>\n\t\t\t\t<\/div>\n\t\t","protected":false},"excerpt":{"rendered":"<p>L&rsquo;adh\u00e9sion annuelle de 150 \u20ac, vous donne droit \u00e0\u00a0: 12 Heures de cours \u00e0 domicile, Une Assistance par Mail \/ T\u00e9l\u00e9phone et Prise \u00e0 distance s\u00e9curis\u00e9e 6 Jours sur 7 (du Lundi au Samedi), La possibilit\u00e9 de suivre des formations \u00e0 distance, L&rsquo;acc\u00e8s aux nouveaut\u00e9s mis en place par l&rsquo;Association, Des tarifs pr\u00e9f\u00e9rentiels lors d&rsquo;un&#8230;<\/p>\n","protected":false},"author":1,"featured_media":0,"parent":0,"menu_order":0,"comment_status":"closed","ping_status":"closed","template":"elementor_header_footer","meta":{"footnotes":""},"class_list":["post-41","page","type-page","status-publish","hentry"],"_links":{"self":[{"href":"https:\/\/www.macpcsos.fr\/index.php\/wp-json\/wp\/v2\/pages\/41","targetHints":{"allow":["GET"]}}],"collection":[{"href":"https:\/\/www.macpcsos.fr\/index.php\/wp-json\/wp\/v2\/pages"}],"about":[{"href":"https:\/\/www.macpcsos.fr\/index.php\/wp-json\/wp\/v2\/types\/page"}],"author":[{"embeddable":true,"href":"https:\/\/www.macpcsos.fr\/index.php\/wp-json\/wp\/v2\/users\/1"}],"replies":[{"embeddable":true,"href":"https:\/\/www.macpcsos.fr\/index.php\/wp-json\/wp\/v2\/comments?post=41"}],"version-history":[{"count":25,"href":"https:\/\/www.macpcsos.fr\/index.php\/wp-json\/wp\/v2\/pages\/41\/revisions"}],"predecessor-version":[{"id":395,"href":"https:\/\/www.macpcsos.fr\/index.php\/wp-json\/wp\/v2\/pages\/41\/revisions\/395"}],"wp:attachment":[{"href":"https:\/\/www.macpcsos.fr\/index.php\/wp-json\/wp\/v2\/media?parent=41"}],"curies":[{"name":"wp","href":"https:\/\/api.w.org\/{rel}","templated":true}]}}