{"id":39,"date":"2023-06-11T22:04:48","date_gmt":"2023-06-11T20:04:48","guid":{"rendered":"http:\/\/macpcsos.fr\/?page_id=39"},"modified":"2026-01-07T13:35:45","modified_gmt":"2026-01-07T12:35:45","slug":"notre-equipe","status":"publish","type":"page","link":"https:\/\/www.macpcsos.fr\/index.php\/notre-equipe\/","title":{"rendered":"Notre \u00e9quipe"},"content":{"rendered":"\t\t<div data-elementor-type=\"wp-page\" data-elementor-id=\"39\" class=\"elementor elementor-39\">\n\t\t\t\t\t\t<section class=\"elementor-section elementor-top-section elementor-element elementor-element-e4c6759 elementor-section-boxed elementor-section-height-default elementor-section-height-default\" data-id=\"e4c6759\" data-element_type=\"section\">\n\t\t\t\t\t\t<div class=\"elementor-container elementor-column-gap-default\">\n\t\t\t\t\t<div class=\"elementor-column elementor-col-33 elementor-top-column elementor-element elementor-element-70fe3cb\" data-id=\"70fe3cb\" data-element_type=\"column\">\n\t\t\t<div class=\"elementor-widget-wrap elementor-element-populated\">\n\t\t\t\t\t\t<div class=\"elementor-element elementor-element-c595b30 elementor-widget elementor-widget-image\" data-id=\"c595b30\" data-element_type=\"widget\" data-widget_type=\"image.default\">\n\t\t\t\t<div class=\"elementor-widget-container\">\n\t\t\t\t\t\t\t\t\t\t\t\t\t\t\t<img fetchpriority=\"high\" decoding=\"async\" width=\"225\" height=\"300\" src=\"https:\/\/www.macpcsos.fr\/wp-content\/uploads\/2024\/02\/Photos-FG-225x300.jpg\" class=\"attachment-medium size-medium wp-image-333\" alt=\"\" srcset=\"https:\/\/www.macpcsos.fr\/wp-content\/uploads\/2024\/02\/Photos-FG-225x300.jpg 225w, https:\/\/www.macpcsos.fr\/wp-content\/uploads\/2024\/02\/Photos-FG-768x1024.jpg 768w, https:\/\/www.macpcsos.fr\/wp-content\/uploads\/2024\/02\/Photos-FG-1152x1536.jpg 1152w, https:\/\/www.macpcsos.fr\/wp-content\/uploads\/2024\/02\/Photos-FG-300x400.jpg 300w, https:\/\/www.macpcsos.fr\/wp-content\/uploads\/2024\/02\/Photos-FG-850x1133.jpg 850w, https:\/\/www.macpcsos.fr\/wp-content\/uploads\/2024\/02\/Photos-FG.jpg 1512w\" sizes=\"(max-width: 225px) 100vw, 225px\" \/>\t\t\t\t\t\t\t\t\t\t\t\t\t\t\t<\/div>\n\t\t\t\t<\/div>\n\t\t\t\t\t<\/div>\n\t\t<\/div>\n\t\t\t\t<div class=\"elementor-column elementor-col-66 elementor-top-column elementor-element elementor-element-e02af92\" data-id=\"e02af92\" data-element_type=\"column\">\n\t\t\t<div class=\"elementor-widget-wrap elementor-element-populated\">\n\t\t\t\t\t\t<div class=\"elementor-element elementor-element-4006a14 elementor-widget elementor-widget-text-editor\" data-id=\"4006a14\" data-element_type=\"widget\" data-widget_type=\"text-editor.default\">\n\t\t\t\t<div class=\"elementor-widget-container\">\n\t\t\t\t\t\t\t\t\t<p>Francis GUILMIN,\u00a0<\/p><p>Pr\u00e9sident et Fondateur de l&rsquo;Association, je suis \u00e9galement Technicien Informatique et Formateur depuis plus de 20 ans.<\/p><p>Avec une grande ma\u00eetrise de la formation sur tout public, j&rsquo;ai une approche qui permet \u00e0 n&rsquo;importe quel public de maitriser les outils informatiques et multim\u00e9dia y compris les logiciels les plus sp\u00e9cifiques.<\/p>\t\t\t\t\t\t\t\t<\/div>\n\t\t\t\t<\/div>\n\t\t\t\t\t<\/div>\n\t\t<\/div>\n\t\t\t\t\t<\/div>\n\t\t<\/section>\n\t\t\t\t<section class=\"elementor-section elementor-top-section elementor-element elementor-element-e7b1947 elementor-section-boxed elementor-section-height-default elementor-section-height-default\" data-id=\"e7b1947\" data-element_type=\"section\">\n\t\t\t\t\t\t<div class=\"elementor-container elementor-column-gap-default\">\n\t\t\t\t\t<div class=\"elementor-column elementor-col-33 elementor-top-column elementor-element elementor-element-a5c4b6d\" data-id=\"a5c4b6d\" data-element_type=\"column\">\n\t\t\t<div class=\"elementor-widget-wrap elementor-element-populated\">\n\t\t\t\t\t\t<div class=\"elementor-element elementor-element-a9fd7b1 elementor-widget elementor-widget-image\" data-id=\"a9fd7b1\" data-element_type=\"widget\" data-widget_type=\"image.default\">\n\t\t\t\t<div class=\"elementor-widget-container\">\n\t\t\t\t\t\t\t\t\t\t\t\t\t\t\t<img decoding=\"async\" src=\"https:\/\/www.macpcsos.fr\/wp-content\/uploads\/2026\/01\/photo_beatrice_b.jpg\" title=\"photo_beatrice_b\" alt=\"photo_beatrice_b\" loading=\"lazy\" \/>\t\t\t\t\t\t\t\t\t\t\t\t\t\t\t<\/div>\n\t\t\t\t<\/div>\n\t\t\t\t\t<\/div>\n\t\t<\/div>\n\t\t\t\t<div class=\"elementor-column elementor-col-66 elementor-top-column elementor-element elementor-element-66e8d09\" data-id=\"66e8d09\" data-element_type=\"column\">\n\t\t\t<div class=\"elementor-widget-wrap elementor-element-populated\">\n\t\t\t\t\t\t<div class=\"elementor-element elementor-element-4b46ed7 elementor-widget elementor-widget-text-editor\" data-id=\"4b46ed7\" data-element_type=\"widget\" data-widget_type=\"text-editor.default\">\n\t\t\t\t<div class=\"elementor-widget-container\">\n\t\t\t\t\t\t\t\t\t<p>B\u00e9atrice BENEY,\u00a0<\/p><p>Technicienne Informatique sp\u00e9cialis\u00e9e dans le domaine du Marketing et de la Publication Assist\u00e9e par Ordinateur, je peux vous conseiller sur la mise en forme de vos documents (plaquettes, carte de visite, logos,&#8230;) et vous apporter une aide pr\u00e9cieuse dans la cr\u00e9ation de ces documents<span style=\"color: var( --e-global-color-b4497da );\">.<\/span><\/p>\t\t\t\t\t\t\t\t<\/div>\n\t\t\t\t<\/div>\n\t\t\t\t\t<\/div>\n\t\t<\/div>\n\t\t\t\t\t<\/div>\n\t\t<\/section>\n\t\t\t\t<\/div>\n\t\t","protected":false},"excerpt":{"rendered":"<p>Francis GUILMIN,\u00a0 Pr\u00e9sident et Fondateur de l&rsquo;Association, je suis \u00e9galement Technicien Informatique et Formateur depuis plus de 20 ans. Avec une grande ma\u00eetrise de la formation sur tout public, j&rsquo;ai une approche qui permet \u00e0 n&rsquo;importe quel public de maitriser les outils informatiques et multim\u00e9dia y compris les logiciels les plus sp\u00e9cifiques. B\u00e9atrice BENEY,\u00a0 Technicienne&#8230;<\/p>\n","protected":false},"author":1,"featured_media":0,"parent":0,"menu_order":0,"comment_status":"closed","ping_status":"closed","template":"elementor_header_footer","meta":{"footnotes":""},"class_list":["post-39","page","type-page","status-publish","hentry"],"_links":{"self":[{"href":"https:\/\/www.macpcsos.fr\/index.php\/wp-json\/wp\/v2\/pages\/39","targetHints":{"allow":["GET"]}}],"collection":[{"href":"https:\/\/www.macpcsos.fr\/index.php\/wp-json\/wp\/v2\/pages"}],"about":[{"href":"https:\/\/www.macpcsos.fr\/index.php\/wp-json\/wp\/v2\/types\/page"}],"author":[{"embeddable":true,"href":"https:\/\/www.macpcsos.fr\/index.php\/wp-json\/wp\/v2\/users\/1"}],"replies":[{"embeddable":true,"href":"https:\/\/www.macpcsos.fr\/index.php\/wp-json\/wp\/v2\/comments?post=39"}],"version-history":[{"count":53,"href":"https:\/\/www.macpcsos.fr\/index.php\/wp-json\/wp\/v2\/pages\/39\/revisions"}],"predecessor-version":[{"id":431,"href":"https:\/\/www.macpcsos.fr\/index.php\/wp-json\/wp\/v2\/pages\/39\/revisions\/431"}],"wp:attachment":[{"href":"https:\/\/www.macpcsos.fr\/index.php\/wp-json\/wp\/v2\/media?parent=39"}],"curies":[{"name":"wp","href":"https:\/\/api.w.org\/{rel}","templated":true}]}}