{"id":3,"date":"2023-05-29T17:36:22","date_gmt":"2023-05-29T15:36:22","guid":{"rendered":"http:\/\/macpcsos.fr\/?page_id=3"},"modified":"2025-12-17T16:13:17","modified_gmt":"2025-12-17T15:13:17","slug":"politique-de-confidentialite","status":"publish","type":"page","link":"https:\/\/www.macpcsos.fr\/index.php\/politique-de-confidentialite\/","title":{"rendered":"Politique de confidentialit\u00e9"},"content":{"rendered":"\t\t<div data-elementor-type=\"wp-page\" data-elementor-id=\"3\" class=\"elementor elementor-3\">\n\t\t\t\t\t\t<section class=\"elementor-section elementor-top-section elementor-element elementor-element-2af9b08 elementor-section-boxed elementor-section-height-default elementor-section-height-default\" data-id=\"2af9b08\" data-element_type=\"section\">\n\t\t\t\t\t\t<div class=\"elementor-container elementor-column-gap-default\">\n\t\t\t\t\t<div class=\"elementor-column elementor-col-100 elementor-top-column elementor-element elementor-element-6c8994a1\" data-id=\"6c8994a1\" data-element_type=\"column\">\n\t\t\t<div class=\"elementor-widget-wrap elementor-element-populated\">\n\t\t\t\t\t\t<div class=\"elementor-element elementor-element-6762274c elementor-widget elementor-widget-text-editor\" data-id=\"6762274c\" data-element_type=\"widget\" data-widget_type=\"text-editor.default\">\n\t\t\t\t<div class=\"elementor-widget-container\">\n\t\t\t\t\t\t\t\t\t<h2>Qui sommes-nous\u00a0?<\/h2><p><!-- \/wp:heading --><!-- wp:paragraph --><\/p><p>M@cPcSos est une association Loi 1901 \u00e0 but non lucratif enregistr\u00e9 sous le num\u00e9ro W012009223 \u00e0 la Pr\u00e9fecture de l&rsquo;Ain de Bourg en Bresse.<\/p><p>Son si\u00e8ge social est d\u00e9pos\u00e9 chez son Pr\u00e9sident, 17 rue des pommiers \u00e0 Vonnas (01540).<\/p><p><!-- \/wp:paragraph --><!-- wp:heading --><\/p><h2 style=\"line-height: 35.7px;\">Cookies<\/h2><p><!-- \/wp:heading --><!-- wp:paragraph --><\/p><p><span style=\"color: var( --e-global-color-text ); font-family: var( --e-global-typography-text-font-family ), Sans-serif; font-weight: var( --e-global-typography-text-font-weight );\">Si vous vous rendez sur la page de connexion, un cookie temporaire sera cr\u00e9\u00e9 afin de d\u00e9terminer si votre navigateur accepte les cookies. Il ne contient pas de donn\u00e9es personnelles et sera supprim\u00e9 automatiquement \u00e0 la fermeture de votre navigateur.<\/span><\/p><p><span style=\"color: var( --e-global-color-text ); font-family: var( --e-global-typography-text-font-family ), Sans-serif; font-weight: var( --e-global-typography-text-font-weight );\">\u00a0<\/span><\/p><p><!-- \/wp:paragraph --><!-- wp:paragraph --><\/p><p><!-- \/wp:paragraph --><\/p>\t\t\t\t\t\t\t\t<\/div>\n\t\t\t\t<\/div>\n\t\t\t\t\t<\/div>\n\t\t<\/div>\n\t\t\t\t\t<\/div>\n\t\t<\/section>\n\t\t\t\t<\/div>\n\t\t","protected":false},"excerpt":{"rendered":"<p>Qui sommes-nous\u00a0? M@cPcSos est une association Loi 1901 \u00e0 but non lucratif enregistr\u00e9 sous le num\u00e9ro W012009223 \u00e0 la Pr\u00e9fecture de l&rsquo;Ain de Bourg en Bresse. Son si\u00e8ge social est d\u00e9pos\u00e9 chez son Pr\u00e9sident, 17 rue des pommiers \u00e0 Vonnas (01540). Cookies Si vous vous rendez sur la page de connexion, un cookie temporaire sera&#8230;<\/p>\n","protected":false},"author":1,"featured_media":0,"parent":0,"menu_order":0,"comment_status":"closed","ping_status":"open","template":"elementor_header_footer","meta":{"footnotes":""},"class_list":["post-3","page","type-page","status-publish","hentry"],"_links":{"self":[{"href":"https:\/\/www.macpcsos.fr\/index.php\/wp-json\/wp\/v2\/pages\/3","targetHints":{"allow":["GET"]}}],"collection":[{"href":"https:\/\/www.macpcsos.fr\/index.php\/wp-json\/wp\/v2\/pages"}],"about":[{"href":"https:\/\/www.macpcsos.fr\/index.php\/wp-json\/wp\/v2\/types\/page"}],"author":[{"embeddable":true,"href":"https:\/\/www.macpcsos.fr\/index.php\/wp-json\/wp\/v2\/users\/1"}],"replies":[{"embeddable":true,"href":"https:\/\/www.macpcsos.fr\/index.php\/wp-json\/wp\/v2\/comments?post=3"}],"version-history":[{"count":9,"href":"https:\/\/www.macpcsos.fr\/index.php\/wp-json\/wp\/v2\/pages\/3\/revisions"}],"predecessor-version":[{"id":414,"href":"https:\/\/www.macpcsos.fr\/index.php\/wp-json\/wp\/v2\/pages\/3\/revisions\/414"}],"wp:attachment":[{"href":"https:\/\/www.macpcsos.fr\/index.php\/wp-json\/wp\/v2\/media?parent=3"}],"curies":[{"name":"wp","href":"https:\/\/api.w.org\/{rel}","templated":true}]}}