{"id":146,"date":"2023-08-30T21:46:55","date_gmt":"2023-08-30T19:46:55","guid":{"rendered":"https:\/\/www.macpcsos.fr\/?page_id=146"},"modified":"2025-12-17T16:10:25","modified_gmt":"2025-12-17T15:10:25","slug":"besoin-dune-assistance","status":"publish","type":"page","link":"https:\/\/www.macpcsos.fr\/index.php\/besoin-dune-assistance\/","title":{"rendered":"Besoin d&rsquo;une Assistance ?"},"content":{"rendered":"\t\t<div data-elementor-type=\"wp-page\" data-elementor-id=\"146\" class=\"elementor elementor-146\">\n\t\t\t\t\t\t<section class=\"elementor-section elementor-top-section elementor-element elementor-element-1cec90e elementor-section-boxed elementor-section-height-default elementor-section-height-default\" data-id=\"1cec90e\" data-element_type=\"section\">\n\t\t\t\t\t\t<div class=\"elementor-container elementor-column-gap-default\">\n\t\t\t\t\t<div class=\"elementor-column elementor-col-100 elementor-top-column elementor-element elementor-element-3928a27\" data-id=\"3928a27\" data-element_type=\"column\">\n\t\t\t<div class=\"elementor-widget-wrap elementor-element-populated\">\n\t\t\t\t\t\t<div class=\"elementor-element elementor-element-8384064 elementor-widget elementor-widget-heading\" data-id=\"8384064\" data-element_type=\"widget\" data-widget_type=\"heading.default\">\n\t\t\t\t<div class=\"elementor-widget-container\">\n\t\t\t\t\t<h2 class=\"elementor-heading-title elementor-size-default\">Espace r\u00e9serv\u00e9 aux adh\u00e9rents<\/h2>\t\t\t\t<\/div>\n\t\t\t\t<\/div>\n\t\t\t\t\t<\/div>\n\t\t<\/div>\n\t\t\t\t\t<\/div>\n\t\t<\/section>\n\t\t\t\t<section class=\"elementor-section elementor-top-section elementor-element elementor-element-d0b1689 elementor-section-boxed elementor-section-height-default elementor-section-height-default\" data-id=\"d0b1689\" data-element_type=\"section\">\n\t\t\t\t\t\t<div class=\"elementor-container elementor-column-gap-default\">\n\t\t\t\t\t<div class=\"elementor-column elementor-col-100 elementor-top-column elementor-element elementor-element-2d90437\" data-id=\"2d90437\" data-element_type=\"column\">\n\t\t\t<div class=\"elementor-widget-wrap\">\n\t\t\t\t\t\t\t<\/div>\n\t\t<\/div>\n\t\t\t\t\t<\/div>\n\t\t<\/section>\n\t\t\t\t<section class=\"elementor-section elementor-top-section elementor-element elementor-element-1b2759f elementor-section-boxed elementor-section-height-default elementor-section-height-default\" data-id=\"1b2759f\" data-element_type=\"section\">\n\t\t\t\t\t\t<div class=\"elementor-container elementor-column-gap-default\">\n\t\t\t\t\t<div class=\"elementor-column elementor-col-100 elementor-top-column elementor-element elementor-element-9564a44\" data-id=\"9564a44\" data-element_type=\"column\">\n\t\t\t<div class=\"elementor-widget-wrap elementor-element-populated\">\n\t\t\t\t\t\t<div class=\"elementor-element elementor-element-bd5b7a0 elementor-align-center elementor-widget elementor-widget-button\" data-id=\"bd5b7a0\" data-element_type=\"widget\" data-widget_type=\"button.default\">\n\t\t\t\t<div class=\"elementor-widget-container\">\n\t\t\t\t\t\t\t\t\t<div class=\"elementor-button-wrapper\">\n\t\t\t\t\t<a class=\"elementor-button elementor-button-link elementor-size-sm\" href=\"https:\/\/www.macpcsos.fr\/Logiciels\/AnyDesk.exe\" target=\"_blank\">\n\t\t\t\t\t\t<span class=\"elementor-button-content-wrapper\">\n\t\t\t\t\t\t\t\t\t<span class=\"elementor-button-text\">T\u00e9l\u00e9maintenance<\/span>\n\t\t\t\t\t<\/span>\n\t\t\t\t\t<\/a>\n\t\t\t\t<\/div>\n\t\t\t\t\t\t\t\t<\/div>\n\t\t\t\t<\/div>\n\t\t\t\t\t<\/div>\n\t\t<\/div>\n\t\t\t\t\t<\/div>\n\t\t<\/section>\n\t\t\t\t<\/div>\n\t\t","protected":false},"excerpt":{"rendered":"<p>Espace r\u00e9serv\u00e9 aux adh\u00e9rents T\u00e9l\u00e9maintenance<\/p>\n","protected":false},"author":1,"featured_media":0,"parent":0,"menu_order":0,"comment_status":"closed","ping_status":"closed","template":"elementor_header_footer","meta":{"footnotes":""},"class_list":["post-146","page","type-page","status-publish","hentry"],"_links":{"self":[{"href":"https:\/\/www.macpcsos.fr\/index.php\/wp-json\/wp\/v2\/pages\/146","targetHints":{"allow":["GET"]}}],"collection":[{"href":"https:\/\/www.macpcsos.fr\/index.php\/wp-json\/wp\/v2\/pages"}],"about":[{"href":"https:\/\/www.macpcsos.fr\/index.php\/wp-json\/wp\/v2\/types\/page"}],"author":[{"embeddable":true,"href":"https:\/\/www.macpcsos.fr\/index.php\/wp-json\/wp\/v2\/users\/1"}],"replies":[{"embeddable":true,"href":"https:\/\/www.macpcsos.fr\/index.php\/wp-json\/wp\/v2\/comments?post=146"}],"version-history":[{"count":25,"href":"https:\/\/www.macpcsos.fr\/index.php\/wp-json\/wp\/v2\/pages\/146\/revisions"}],"predecessor-version":[{"id":411,"href":"https:\/\/www.macpcsos.fr\/index.php\/wp-json\/wp\/v2\/pages\/146\/revisions\/411"}],"wp:attachment":[{"href":"https:\/\/www.macpcsos.fr\/index.php\/wp-json\/wp\/v2\/media?parent=146"}],"curies":[{"name":"wp","href":"https:\/\/api.w.org\/{rel}","templated":true}]}}